{"id":415,"date":"2023-06-13T09:59:00","date_gmt":"2023-06-13T07:59:00","guid":{"rendered":"http:\/\/alpenblickkreischberg.at\/?page_id=415"},"modified":"2024-04-22T10:54:52","modified_gmt":"2024-04-22T08:54:52","slug":"sommer-activities","status":"publish","type":"page","link":"https:\/\/alpenblickkreischberg.at\/en\/nyari-programok\/","title":{"rendered":"Summer activities"},"content":{"rendered":"<div data-elementor-type=\"wp-page\" data-elementor-id=\"415\" class=\"elementor elementor-415\" data-elementor-post-type=\"page\">\n\t\t\t\t<div class=\"elementor-element elementor-element-b5d8f56 e-con-full e-flex e-con e-parent\" data-id=\"b5d8f56\" data-element_type=\"container\" data-e-type=\"container\">\n\t\t\t\t<div class=\"elementor-element elementor-element-aab7f50 elementor-widget elementor-widget-heading\" data-id=\"aab7f50\" data-element_type=\"widget\" data-e-type=\"widget\" data-widget_type=\"heading.default\">\n\t\t\t\t<div class=\"elementor-widget-container\">\n\t\t\t\t\t<h1 class=\"elementor-heading-title elementor-size-default\">Summer activities<\/h1>\t\t\t\t<\/div>\n\t\t\t\t<\/div>\n\t\t<div class=\"elementor-element elementor-element-b8f6ba9 e-flex e-con-boxed e-con e-child\" data-id=\"b8f6ba9\" data-element_type=\"container\" data-e-type=\"container\" data-settings=\"{&quot;background_background&quot;:&quot;classic&quot;}\">\n\t\t\t\t\t<div class=\"e-con-inner\">\n\t\t\t\t<div class=\"elementor-element elementor-element-409bcb7 elementor-widget elementor-widget-button\" data-id=\"409bcb7\" data-element_type=\"widget\" data-e-type=\"widget\" data-widget_type=\"button.default\">\n\t\t\t\t<div class=\"elementor-widget-container\">\n\t\t\t\t\t\t\t\t\t<div class=\"elementor-button-wrapper\">\n\t\t\t\t\t<a class=\"elementor-button elementor-button-link elementor-size-sm\" href=\"#cycling\">\n\t\t\t\t\t\t<span class=\"elementor-button-content-wrapper\">\n\t\t\t\t\t\t\t\t\t<span class=\"elementor-button-text\">Cycling<\/span>\n\t\t\t\t\t<\/span>\n\t\t\t\t\t<\/a>\n\t\t\t\t<\/div>\n\t\t\t\t\t\t\t\t<\/div>\n\t\t\t\t<\/div>\n\t\t\t\t<div class=\"elementor-element elementor-element-04ee750 elementor-widget elementor-widget-button\" data-id=\"04ee750\" data-element_type=\"widget\" data-e-type=\"widget\" data-widget_type=\"button.default\">\n\t\t\t\t<div class=\"elementor-widget-container\">\n\t\t\t\t\t\t\t\t\t<div class=\"elementor-button-wrapper\">\n\t\t\t\t\t<a class=\"elementor-button elementor-button-link elementor-size-sm\" href=\"#hiking\">\n\t\t\t\t\t\t<span class=\"elementor-button-content-wrapper\">\n\t\t\t\t\t\t\t\t\t<span class=\"elementor-button-text\">Hiking<\/span>\n\t\t\t\t\t<\/span>\n\t\t\t\t\t<\/a>\n\t\t\t\t<\/div>\n\t\t\t\t\t\t\t\t<\/div>\n\t\t\t\t<\/div>\n\t\t\t\t<div class=\"elementor-element elementor-element-5f71b5a elementor-widget elementor-widget-button\" data-id=\"5f71b5a\" data-element_type=\"widget\" data-e-type=\"widget\" data-widget_type=\"button.default\">\n\t\t\t\t<div class=\"elementor-widget-container\">\n\t\t\t\t\t\t\t\t\t<div class=\"elementor-button-wrapper\">\n\t\t\t\t\t<a class=\"elementor-button elementor-button-link elementor-size-sm\" href=\"#rafting\">\n\t\t\t\t\t\t<span class=\"elementor-button-content-wrapper\">\n\t\t\t\t\t\t\t\t\t<span class=\"elementor-button-text\">rafting<\/span>\n\t\t\t\t\t<\/span>\n\t\t\t\t\t<\/a>\n\t\t\t\t<\/div>\n\t\t\t\t\t\t\t\t<\/div>\n\t\t\t\t<\/div>\n\t\t\t\t<div class=\"elementor-element elementor-element-6c75892 elementor-widget elementor-widget-button\" data-id=\"6c75892\" data-element_type=\"widget\" data-e-type=\"widget\" data-widget_type=\"button.default\">\n\t\t\t\t<div class=\"elementor-widget-container\">\n\t\t\t\t\t\t\t\t\t<div class=\"elementor-button-wrapper\">\n\t\t\t\t\t<a class=\"elementor-button elementor-button-link elementor-size-sm\" href=\"#golf\">\n\t\t\t\t\t\t<span class=\"elementor-button-content-wrapper\">\n\t\t\t\t\t\t\t\t\t<span class=\"elementor-button-text\">golf<\/span>\n\t\t\t\t\t<\/span>\n\t\t\t\t\t<\/a>\n\t\t\t\t<\/div>\n\t\t\t\t\t\t\t\t<\/div>\n\t\t\t\t<\/div>\n\t\t\t\t<div class=\"elementor-element elementor-element-a08e59c elementor-widget elementor-widget-button\" data-id=\"a08e59c\" data-element_type=\"widget\" data-e-type=\"widget\" data-widget_type=\"button.default\">\n\t\t\t\t<div class=\"elementor-widget-container\">\n\t\t\t\t\t\t\t\t\t<div class=\"elementor-button-wrapper\">\n\t\t\t\t\t<a class=\"elementor-button elementor-button-link elementor-size-sm\" href=\"#excursions\">\n\t\t\t\t\t\t<span class=\"elementor-button-content-wrapper\">\n\t\t\t\t\t\t\t\t\t<span class=\"elementor-button-text\">Excursions<\/span>\n\t\t\t\t\t<\/span>\n\t\t\t\t\t<\/a>\n\t\t\t\t<\/div>\n\t\t\t\t\t\t\t\t<\/div>\n\t\t\t\t<\/div>\n\t\t\t\t\t<\/div>\n\t\t\t\t<\/div>\n\t\t\t\t<\/div>\n\t\t<div class=\"elementor-element elementor-element-670da35 e-con-full e-flex e-con e-parent\" data-id=\"670da35\" data-element_type=\"container\" data-e-type=\"container\" id=\"cycling\" data-settings=\"{&quot;shape_divider_top&quot;:&quot;opacity-tilt&quot;}\">\n\t\t\t\t<div class=\"elementor-shape elementor-shape-top\" aria-hidden=\"true\" data-negative=\"false\">\n\t\t\t<svg xmlns=\"http:\/\/www.w3.org\/2000\/svg\" viewbox=\"0 0 2600 131.1\" preserveaspectratio=\"none\">\n\t<path class=\"elementor-shape-fill\" d=\"M0 0L2600 0 2600 69.1 0 0z\"\/>\n\t<path class=\"elementor-shape-fill\" style=\"opacity:0.5\" d=\"M0 0L2600 0 2600 69.1 0 69.1z\"\/>\n\t<path class=\"elementor-shape-fill\" style=\"opacity:0.25\" d=\"M2600 0L0 0 0 130.1 2600 69.1z\"\/>\n<\/svg>\t\t<\/div>\n\t\t<div class=\"elementor-element elementor-element-84c566c e-con-full e-flex e-con e-child\" data-id=\"84c566c\" data-element_type=\"container\" data-e-type=\"container\" data-settings=\"{&quot;background_background&quot;:&quot;classic&quot;}\">\n\t\t\t\t<div class=\"elementor-element elementor-element-42e2838 elementor-widget elementor-widget-heading\" data-id=\"42e2838\" data-element_type=\"widget\" data-e-type=\"widget\" data-widget_type=\"heading.default\">\n\t\t\t\t<div class=\"elementor-widget-container\">\n\t\t\t\t\t<h2 class=\"elementor-heading-title elementor-size-default\">Cycling<\/h2>\t\t\t\t<\/div>\n\t\t\t\t<\/div>\n\t\t\t\t<div class=\"elementor-element elementor-element-ac209b1 elementor-widget elementor-widget-text-editor\" data-id=\"ac209b1\" data-element_type=\"widget\" data-e-type=\"widget\" data-widget_type=\"text-editor.default\">\n\t\t\t\t<div class=\"elementor-widget-container\">\n\t\t\t\t\t\t\t\t\t<p>Gentle hilly landscapes, shady forest passages, along the Mur Cycle Path or demanding mountain tours \u2013 in the Murau-Kreischberg region all types of cyclists are in good hands. From families with children to pleasure cyclists to sporty mountain bikers.<\/p>\t\t\t\t\t\t\t\t<\/div>\n\t\t\t\t<\/div>\n\t\t\t\t<\/div>\n\t\t<div class=\"elementor-element elementor-element-84c460c e-con-full e-flex e-con e-child\" data-id=\"84c460c\" data-element_type=\"container\" data-e-type=\"container\" data-settings=\"{&quot;background_background&quot;:&quot;classic&quot;}\">\n\t\t\t\t<\/div>\n\t\t\t\t<\/div>\n\t\t<div class=\"elementor-element elementor-element-d212830 e-con-full e-flex e-con e-parent\" data-id=\"d212830\" data-element_type=\"container\" data-e-type=\"container\" id=\"hiking\">\n\t\t<div class=\"elementor-element elementor-element-49cba51 e-con-full e-flex e-con e-child\" data-id=\"49cba51\" data-element_type=\"container\" data-e-type=\"container\" data-settings=\"{&quot;background_background&quot;:&quot;classic&quot;}\">\n\t\t\t\t<\/div>\n\t\t<div class=\"elementor-element elementor-element-ec1b3f3 e-con-full e-flex e-con e-child\" data-id=\"ec1b3f3\" data-element_type=\"container\" data-e-type=\"container\" data-settings=\"{&quot;background_background&quot;:&quot;classic&quot;}\">\n\t\t\t\t<div class=\"elementor-element elementor-element-5a9df2c elementor-widget elementor-widget-heading\" data-id=\"5a9df2c\" data-element_type=\"widget\" data-e-type=\"widget\" data-widget_type=\"heading.default\">\n\t\t\t\t<div class=\"elementor-widget-container\">\n\t\t\t\t\t<h2 class=\"elementor-heading-title elementor-size-default\">Hiking<\/h2>\t\t\t\t<\/div>\n\t\t\t\t<\/div>\n\t\t\t\t<div class=\"elementor-element elementor-element-9a24525 elementor-widget elementor-widget-text-editor\" data-id=\"9a24525\" data-element_type=\"widget\" data-e-type=\"widget\" data-widget_type=\"text-editor.default\">\n\t\t\t\t<div class=\"elementor-widget-container\">\n\t\t\t\t\t\t\t\t\t<p>Kreischbergen \u00e9s k\u00f6rny\u00e9k\u00e9n sz\u00e1mtalan kir\u00e1ndul\u00e1si lehet\u0151s\u00e9g k\u00edn\u00e1lkozik az idel\u00e1togat\u00f3k sz\u00e1m\u00e1ra. A k\u00f6rnyez\u0151 hegyek k\u00fcl\u00f6nf\u00e9le neh\u00e9zs\u00e9g\u0171 t\u00fara\u00fatvonalakkal cs\u00e1b\u00edtj\u00e1k a term\u00e9szetj\u00e1r\u00e1s szerelmeseit. A Mura v\u00f6lgy\u00e9ben a helyi kl\u00edma \u00e9s a krist\u00e1lytiszta leveg\u0151 \u00e9lvezetess\u00e9 teszi a hossz\u00fa s\u00e9t\u00e1kat.<\/p><p>Tov\u00e1bbi inform\u00e1ci\u00f3t, illetve t\u00farat\u00e9rk\u00e9pet az al\u00e1bbi linkre kattintva tal\u00e1l:<br \/><a href=\"https:\/\/www.murau-kreischberg.at\/hu\/szabadido\/nyar\" target=\"_blank\" rel=\"noopener\">https:\/\/www.kreischberg.at\/hu\/nyar\/<\/a><\/p>\t\t\t\t\t\t\t\t<\/div>\n\t\t\t\t<\/div>\n\t\t\t\t<\/div>\n\t\t\t\t<\/div>\n\t\t<div class=\"elementor-element elementor-element-fd9f4ec e-con-full e-flex e-con e-parent\" data-id=\"fd9f4ec\" data-element_type=\"container\" data-e-type=\"container\" id=\"rafting\">\n\t\t<div class=\"elementor-element elementor-element-9cbe133 e-con-full e-flex e-con e-child\" data-id=\"9cbe133\" data-element_type=\"container\" data-e-type=\"container\" data-settings=\"{&quot;background_background&quot;:&quot;classic&quot;}\">\n\t\t\t\t<div class=\"elementor-element elementor-element-a66d7d8 elementor-widget elementor-widget-heading\" data-id=\"a66d7d8\" data-element_type=\"widget\" data-e-type=\"widget\" data-widget_type=\"heading.default\">\n\t\t\t\t<div class=\"elementor-widget-container\">\n\t\t\t\t\t<h2 class=\"elementor-heading-title elementor-size-default\">Rafting<\/h2>\t\t\t\t<\/div>\n\t\t\t\t<\/div>\n\t\t\t\t<div class=\"elementor-element elementor-element-e8afbba elementor-widget elementor-widget-text-editor\" data-id=\"e8afbba\" data-element_type=\"widget\" data-e-type=\"widget\" data-widget_type=\"text-editor.default\">\n\t\t\t\t<div class=\"elementor-widget-container\">\n\t\t\t\t\t\t\t\t\t<p>A vadvizet kedvel\u0151k egy gumics\u00f3nakkal siklanak le a Mura foly\u00f3n. A Murtalerhof fogad\u00f3 j\u00faniust\u00f3l szeptemberig, naponta k\u00e9tszer, 9:30-t\u00f3l \u00e9s 13:30-t\u00f3l v\u00e1rja \u00d6n\u00f6ket raftinggal.<\/p><h4>Information and registration:<\/h4><p>Information and registration:<br \/>Gasthof Murtalerhof<br \/>Johann Lassacher<br \/>8862 Stadl\/Mur<br \/>murtalerhof@murau.at<br \/>Tel.: +43 3534 2237<\/p>\t\t\t\t\t\t\t\t<\/div>\n\t\t\t\t<\/div>\n\t\t\t\t<\/div>\n\t\t<div class=\"elementor-element elementor-element-20d612d e-con-full e-flex e-con e-child\" data-id=\"20d612d\" data-element_type=\"container\" data-e-type=\"container\" data-settings=\"{&quot;background_background&quot;:&quot;classic&quot;}\">\n\t\t\t\t<\/div>\n\t\t\t\t<\/div>\n\t\t<div class=\"elementor-element elementor-element-4e9c3f4 e-con-full e-flex e-con e-parent\" data-id=\"4e9c3f4\" data-element_type=\"container\" data-e-type=\"container\" id=\"golf\">\n\t\t<div class=\"elementor-element elementor-element-93139f9 e-con-full e-flex e-con e-child\" data-id=\"93139f9\" data-element_type=\"container\" data-e-type=\"container\" data-settings=\"{&quot;background_background&quot;:&quot;classic&quot;}\">\n\t\t\t\t<\/div>\n\t\t<div class=\"elementor-element elementor-element-3291fdd e-con-full e-flex e-con e-child\" data-id=\"3291fdd\" data-element_type=\"container\" data-e-type=\"container\" data-settings=\"{&quot;background_background&quot;:&quot;classic&quot;}\">\n\t\t\t\t<div class=\"elementor-element elementor-element-7aca85b elementor-widget elementor-widget-heading\" data-id=\"7aca85b\" data-element_type=\"widget\" data-e-type=\"widget\" data-widget_type=\"heading.default\">\n\t\t\t\t<div class=\"elementor-widget-container\">\n\t\t\t\t\t<h2 class=\"elementor-heading-title elementor-size-default\">Golf<\/h2>\t\t\t\t<\/div>\n\t\t\t\t<\/div>\n\t\t\t\t<div class=\"elementor-element elementor-element-21555ed elementor-widget elementor-widget-text-editor\" data-id=\"21555ed\" data-element_type=\"widget\" data-e-type=\"widget\" data-widget_type=\"text-editor.default\">\n\t\t\t\t<div class=\"elementor-widget-container\">\n\t\t\t\t\t\t\t\t\t<p>Experience a round of golf like never before at the Murau Golf Club \u2013 where the lush green fairways meet the stunning backdrop of the Murau-Kreischberg region, creating a picture- perfect golfing paradise for players of all levels. Between the ski area of \u200b\u200bKreischberg and the district town of Murau, the 18-hole \/ par 72 course opened in autumn 2006. As a holiday guest at the Hotel Alpenblick, you receive a discount on the green fee at the Murau-Kreischberg golf clubs.<\/p><h4>Contact<\/h4><p>Am Golfplatz 1<br \/>8861 St. Georgen ob Murau<br \/>golf@kreischberg.at<br \/>Tel. 03537\/22 221<\/p>\t\t\t\t\t\t\t\t<\/div>\n\t\t\t\t<\/div>\n\t\t\t\t<\/div>\n\t\t\t\t<\/div>\n\t\t<div class=\"elementor-element elementor-element-eaefefe e-con-full e-flex e-con e-parent\" data-id=\"eaefefe\" data-element_type=\"container\" data-e-type=\"container\" id=\"excursions\">\n\t\t<div class=\"elementor-element elementor-element-309cb01 e-con-full e-flex e-con e-child\" data-id=\"309cb01\" data-element_type=\"container\" data-e-type=\"container\" data-settings=\"{&quot;background_background&quot;:&quot;classic&quot;}\">\n\t\t\t\t<div class=\"elementor-element elementor-element-3498fbd elementor-widget elementor-widget-heading\" data-id=\"3498fbd\" data-element_type=\"widget\" data-e-type=\"widget\" data-widget_type=\"heading.default\">\n\t\t\t\t<div class=\"elementor-widget-container\">\n\t\t\t\t\t<h2 class=\"elementor-heading-title elementor-size-default\">Excursions<\/h2>\t\t\t\t<\/div>\n\t\t\t\t<\/div>\n\t\t\t\t<div class=\"elementor-element elementor-element-d118f5a elementor-widget elementor-widget-text-editor\" data-id=\"d118f5a\" data-element_type=\"widget\" data-e-type=\"widget\" data-widget_type=\"text-editor.default\">\n\t\t\t\t<div class=\"elementor-widget-container\">\n\t\t\t\t\t\t\t\t\t<p>Fedezze fel a csod\u00e1latos Murau \u2013 Kreischberg vid\u00e9ket! V\u00e1ltozatos kir\u00e1ndul\u00e1si c\u00e9lpontok \u00e9s sz\u00f3rakoztat\u00f3 rendezv\u00e9nyek v\u00e1rj\u00e1k, hogy m\u00e9g csod\u00e1latosabb\u00e1 tegy\u00e9k a kikapcsol\u00f3d\u00e1st.\u00a0<\/p><p>Az al\u00e1bbi linkre kattintva tal\u00e1lja az aktu\u00e1lis ny\u00e1ri porgramokat, rendezv\u00e9nyeket:<\/p><p><blockquote class=\"wp-embedded-content\" data-secret=\"VUMA65MsO9\"><a href=\"https:\/\/www.kreischberg.at\/hu\/nyar\/\">Startoldal &#8211; Ny\u00e1r<\/a><\/blockquote><iframe class=\"wp-embedded-content\" sandbox=\"allow-scripts\" security=\"restricted\" style=\"position: absolute; clip: rect(1px, 1px, 1px, 1px);\" title=\"&#8220;Startoldal &#8211; Ny\u00e1r&#8221; &#8212; Kreischberg Murau - Hol m\u00e1shol!\" src=\"https:\/\/www.kreischberg.at\/hu\/nyar\/embed\/#?secret=revoAN86I2#?secret=VUMA65MsO9\" data-secret=\"VUMA65MsO9\" width=\"600\" height=\"338\" frameborder=\"0\" marginwidth=\"0\" marginheight=\"0\" scrolling=\"no\"><\/iframe><\/p>\t\t\t\t\t\t\t\t<\/div>\n\t\t\t\t<\/div>\n\t\t\t\t<\/div>\n\t\t<div class=\"elementor-element elementor-element-3054b7a e-con-full e-flex e-con e-child\" data-id=\"3054b7a\" data-element_type=\"container\" data-e-type=\"container\" data-settings=\"{&quot;background_background&quot;:&quot;classic&quot;}\">\n\t\t\t\t<\/div>\n\t\t\t\t<\/div>\n\t\t\t\t<\/div>","protected":false},"excerpt":{"rendered":"<p>ker\u00e9kp\u00e1roz\u00e1s t\u00far\u00e1z\u00e1s rafting golf kir\u00e1ndul\u00e1s Ker\u00e9kp\u00e1roz\u00e1s A sz\u00e1lloda k\u00f6rny\u00e9k\u00e9r\u0151l 6 ker\u00e9kp\u00e1r \u00fatvonal indul, melyek helyenk\u00e9nt aszfalton, erdei utakon, r\u00e9szben pedig murv\u00e1s talajon vezetnek. Mindehhez a r\u00e9gi\u00f3 remek biciklis szolg\u00e1ltat\u00e1sokat biztos\u00edt: k\u00f6lcs\u00f6nz\u0151k, szerv\u00edzek, ker\u00e9kp\u00e1ros t\u00e9rk\u00e9pek, \u00e9s persze a mur-medencei biciklis vas\u00fat is a ker\u00e9kp\u00e1roz\u00e1s szerelmeseinek k\u00e9nyelm\u00e9t szolg\u00e1lja. T\u00far\u00e1z\u00e1s Kreischbergen \u00e9s k\u00f6rny\u00e9k\u00e9n sz\u00e1mtalan kir\u00e1ndul\u00e1si lehet\u0151s\u00e9g k\u00edn\u00e1lkozik az [&hellip;]<\/p>\n","protected":false},"author":4,"featured_media":0,"parent":0,"menu_order":0,"comment_status":"closed","ping_status":"closed","template":"","meta":{"footnotes":""},"class_list":["post-415","page","type-page","status-publish","hentry"],"yoast_head":"<!-- This site is optimized with the Yoast SEO plugin v27.4 - https:\/\/yoast.com\/product\/yoast-seo-wordpress\/ -->\n<title>Ny\u00e1ri programok - Alpenblick Kreischberg<\/title>\n<meta name=\"robots\" content=\"index, follow, max-snippet:-1, max-image-preview:large, max-video-preview:-1\" \/>\n<link rel=\"canonical\" href=\"https:\/\/alpenblickkreischberg.at\/en\/sommer-activities\/\" \/>\n<meta property=\"og:locale\" content=\"en_GB\" \/>\n<meta property=\"og:type\" content=\"article\" \/>\n<meta property=\"og:title\" content=\"Ny\u00e1ri programok - Alpenblick Kreischberg\" \/>\n<meta property=\"og:description\" content=\"ker\u00e9kp\u00e1roz\u00e1s t\u00far\u00e1z\u00e1s rafting golf kir\u00e1ndul\u00e1s Ker\u00e9kp\u00e1roz\u00e1s A sz\u00e1lloda k\u00f6rny\u00e9k\u00e9r\u0151l 6 ker\u00e9kp\u00e1r \u00fatvonal indul, melyek helyenk\u00e9nt aszfalton, erdei utakon, r\u00e9szben pedig murv\u00e1s talajon vezetnek. Mindehhez a r\u00e9gi\u00f3 remek biciklis szolg\u00e1ltat\u00e1sokat biztos\u00edt: k\u00f6lcs\u00f6nz\u0151k, szerv\u00edzek, ker\u00e9kp\u00e1ros t\u00e9rk\u00e9pek, \u00e9s persze a mur-medencei biciklis vas\u00fat is a ker\u00e9kp\u00e1roz\u00e1s szerelmeseinek k\u00e9nyelm\u00e9t szolg\u00e1lja. T\u00far\u00e1z\u00e1s Kreischbergen \u00e9s k\u00f6rny\u00e9k\u00e9n sz\u00e1mtalan kir\u00e1ndul\u00e1si lehet\u0151s\u00e9g k\u00edn\u00e1lkozik az [&hellip;]\" \/>\n<meta property=\"og:url\" content=\"https:\/\/alpenblickkreischberg.at\/en\/sommer-activities\/\" \/>\n<meta property=\"og:site_name\" content=\"Alpenblick Kreischberg\" \/>\n<meta property=\"article:modified_time\" content=\"2024-04-22T08:54:52+00:00\" \/>\n<meta name=\"twitter:card\" content=\"summary_large_image\" \/>\n<meta name=\"twitter:label1\" content=\"Estimated reading time\" \/>\n\t<meta name=\"twitter:data1\" content=\"2 minutes\" \/>\n<script type=\"application\/ld+json\" class=\"yoast-schema-graph\">{\"@context\":\"https:\\\/\\\/schema.org\",\"@graph\":[{\"@type\":\"WebPage\",\"@id\":\"https:\\\/\\\/alpenblickkreischberg.at\\\/hu\\\/nyari-programok\\\/\",\"url\":\"https:\\\/\\\/alpenblickkreischberg.at\\\/hu\\\/nyari-programok\\\/\",\"name\":\"Ny\u00e1ri programok - Alpenblick Kreischberg\",\"isPartOf\":{\"@id\":\"https:\\\/\\\/alpenblickkreischberg.at\\\/hu\\\/#website\"},\"datePublished\":\"2023-06-13T07:59:00+00:00\",\"dateModified\":\"2024-04-22T08:54:52+00:00\",\"breadcrumb\":{\"@id\":\"https:\\\/\\\/alpenblickkreischberg.at\\\/hu\\\/nyari-programok\\\/#breadcrumb\"},\"inLanguage\":\"en-GB\",\"potentialAction\":[{\"@type\":\"ReadAction\",\"target\":[\"https:\\\/\\\/alpenblickkreischberg.at\\\/hu\\\/nyari-programok\\\/\"]}]},{\"@type\":\"BreadcrumbList\",\"@id\":\"https:\\\/\\\/alpenblickkreischberg.at\\\/hu\\\/nyari-programok\\\/#breadcrumb\",\"itemListElement\":[{\"@type\":\"ListItem\",\"position\":1,\"name\":\"Kezd\u0151lap\",\"item\":\"https:\\\/\\\/alpenblickkreischberg.at\\\/\"},{\"@type\":\"ListItem\",\"position\":2,\"name\":\"Ny\u00e1ri programok\"}]},{\"@type\":\"WebSite\",\"@id\":\"https:\\\/\\\/alpenblickkreischberg.at\\\/hu\\\/#website\",\"url\":\"https:\\\/\\\/alpenblickkreischberg.at\\\/hu\\\/\",\"name\":\"Alpenblick Kreischberg\",\"description\":\"Hotel a Kreischbergen Murau mellett\",\"publisher\":{\"@id\":\"https:\\\/\\\/alpenblickkreischberg.at\\\/hu\\\/#organization\"},\"potentialAction\":[{\"@type\":\"SearchAction\",\"target\":{\"@type\":\"EntryPoint\",\"urlTemplate\":\"https:\\\/\\\/alpenblickkreischberg.at\\\/hu\\\/?s={search_term_string}\"},\"query-input\":{\"@type\":\"PropertyValueSpecification\",\"valueRequired\":true,\"valueName\":\"search_term_string\"}}],\"inLanguage\":\"en-GB\"},{\"@type\":\"Organization\",\"@id\":\"https:\\\/\\\/alpenblickkreischberg.at\\\/hu\\\/#organization\",\"name\":\"Alpenblick Kreischberg\",\"url\":\"https:\\\/\\\/alpenblickkreischberg.at\\\/hu\\\/\",\"logo\":{\"@type\":\"ImageObject\",\"inLanguage\":\"en-GB\",\"@id\":\"https:\\\/\\\/alpenblickkreischberg.at\\\/hu\\\/#\\\/schema\\\/logo\\\/image\\\/\",\"url\":\"https:\\\/\\\/alpenblickkreischberg.at\\\/wp-content\\\/uploads\\\/2023\\\/06\\\/alpenblick-logo.png\",\"contentUrl\":\"https:\\\/\\\/alpenblickkreischberg.at\\\/wp-content\\\/uploads\\\/2023\\\/06\\\/alpenblick-logo.png\",\"width\":520,\"height\":212,\"caption\":\"Alpenblick Kreischberg\"},\"image\":{\"@id\":\"https:\\\/\\\/alpenblickkreischberg.at\\\/hu\\\/#\\\/schema\\\/logo\\\/image\\\/\"}}]}<\/script>\n<!-- \/ Yoast SEO plugin. -->","yoast_head_json":{"title":"Ny\u00e1ri programok - Alpenblick Kreischberg","robots":{"index":"index","follow":"follow","max-snippet":"max-snippet:-1","max-image-preview":"max-image-preview:large","max-video-preview":"max-video-preview:-1"},"canonical":"https:\/\/alpenblickkreischberg.at\/en\/sommer-activities\/","og_locale":"en_GB","og_type":"article","og_title":"Ny\u00e1ri programok - Alpenblick Kreischberg","og_description":"ker\u00e9kp\u00e1roz\u00e1s t\u00far\u00e1z\u00e1s rafting golf kir\u00e1ndul\u00e1s Ker\u00e9kp\u00e1roz\u00e1s A sz\u00e1lloda k\u00f6rny\u00e9k\u00e9r\u0151l 6 ker\u00e9kp\u00e1r \u00fatvonal indul, melyek helyenk\u00e9nt aszfalton, erdei utakon, r\u00e9szben pedig murv\u00e1s talajon vezetnek. Mindehhez a r\u00e9gi\u00f3 remek biciklis szolg\u00e1ltat\u00e1sokat biztos\u00edt: k\u00f6lcs\u00f6nz\u0151k, szerv\u00edzek, ker\u00e9kp\u00e1ros t\u00e9rk\u00e9pek, \u00e9s persze a mur-medencei biciklis vas\u00fat is a ker\u00e9kp\u00e1roz\u00e1s szerelmeseinek k\u00e9nyelm\u00e9t szolg\u00e1lja. T\u00far\u00e1z\u00e1s Kreischbergen \u00e9s k\u00f6rny\u00e9k\u00e9n sz\u00e1mtalan kir\u00e1ndul\u00e1si lehet\u0151s\u00e9g k\u00edn\u00e1lkozik az [&hellip;]","og_url":"https:\/\/alpenblickkreischberg.at\/en\/sommer-activities\/","og_site_name":"Alpenblick Kreischberg","article_modified_time":"2024-04-22T08:54:52+00:00","twitter_card":"summary_large_image","twitter_misc":{"Estimated reading time":"2 minutes"},"schema":{"@context":"https:\/\/schema.org","@graph":[{"@type":"WebPage","@id":"https:\/\/alpenblickkreischberg.at\/hu\/nyari-programok\/","url":"https:\/\/alpenblickkreischberg.at\/hu\/nyari-programok\/","name":"Ny\u00e1ri programok - Alpenblick Kreischberg","isPartOf":{"@id":"https:\/\/alpenblickkreischberg.at\/hu\/#website"},"datePublished":"2023-06-13T07:59:00+00:00","dateModified":"2024-04-22T08:54:52+00:00","breadcrumb":{"@id":"https:\/\/alpenblickkreischberg.at\/hu\/nyari-programok\/#breadcrumb"},"inLanguage":"en-GB","potentialAction":[{"@type":"ReadAction","target":["https:\/\/alpenblickkreischberg.at\/hu\/nyari-programok\/"]}]},{"@type":"BreadcrumbList","@id":"https:\/\/alpenblickkreischberg.at\/hu\/nyari-programok\/#breadcrumb","itemListElement":[{"@type":"ListItem","position":1,"name":"Kezd\u0151lap","item":"https:\/\/alpenblickkreischberg.at\/"},{"@type":"ListItem","position":2,"name":"Ny\u00e1ri programok"}]},{"@type":"WebSite","@id":"https:\/\/alpenblickkreischberg.at\/hu\/#website","url":"https:\/\/alpenblickkreischberg.at\/hu\/","name":"Alpenblick Kreischberg","description":"Hotel on the Kreischberg near Murau","publisher":{"@id":"https:\/\/alpenblickkreischberg.at\/hu\/#organization"},"potentialAction":[{"@type":"SearchAction","target":{"@type":"EntryPoint","urlTemplate":"https:\/\/alpenblickkreischberg.at\/hu\/?s={search_term_string}"},"query-input":{"@type":"PropertyValueSpecification","valueRequired":true,"valueName":"search_term_string"}}],"inLanguage":"en-GB"},{"@type":"Organization","@id":"https:\/\/alpenblickkreischberg.at\/hu\/#organization","name":"Alpenblick Kreischberg","url":"https:\/\/alpenblickkreischberg.at\/hu\/","logo":{"@type":"ImageObject","inLanguage":"en-GB","@id":"https:\/\/alpenblickkreischberg.at\/hu\/#\/schema\/logo\/image\/","url":"https:\/\/alpenblickkreischberg.at\/wp-content\/uploads\/2023\/06\/alpenblick-logo.png","contentUrl":"https:\/\/alpenblickkreischberg.at\/wp-content\/uploads\/2023\/06\/alpenblick-logo.png","width":520,"height":212,"caption":"Alpenblick Kreischberg"},"image":{"@id":"https:\/\/alpenblickkreischberg.at\/hu\/#\/schema\/logo\/image\/"}}]}},"_links":{"self":[{"href":"https:\/\/alpenblickkreischberg.at\/en\/wp-json\/wp\/v2\/pages\/415","targetHints":{"allow":["GET"]}}],"collection":[{"href":"https:\/\/alpenblickkreischberg.at\/en\/wp-json\/wp\/v2\/pages"}],"about":[{"href":"https:\/\/alpenblickkreischberg.at\/en\/wp-json\/wp\/v2\/types\/page"}],"author":[{"embeddable":true,"href":"https:\/\/alpenblickkreischberg.at\/en\/wp-json\/wp\/v2\/users\/4"}],"replies":[{"embeddable":true,"href":"https:\/\/alpenblickkreischberg.at\/en\/wp-json\/wp\/v2\/comments?post=415"}],"version-history":[{"count":14,"href":"https:\/\/alpenblickkreischberg.at\/en\/wp-json\/wp\/v2\/pages\/415\/revisions"}],"predecessor-version":[{"id":3078,"href":"https:\/\/alpenblickkreischberg.at\/en\/wp-json\/wp\/v2\/pages\/415\/revisions\/3078"}],"wp:attachment":[{"href":"https:\/\/alpenblickkreischberg.at\/en\/wp-json\/wp\/v2\/media?parent=415"}],"curies":[{"name":"wp","href":"https:\/\/api.w.org\/{rel}","templated":true}]}}