{"id":2445,"date":"2023-08-30T13:53:54","date_gmt":"2023-08-30T11:53:54","guid":{"rendered":"http:\/\/alpenblickkreischberg.at\/?page_id=2445"},"modified":"2025-06-04T17:46:08","modified_gmt":"2025-06-04T15:46:08","slug":"booking","status":"publish","type":"page","link":"https:\/\/alpenblickkreischberg.at\/en\/foglalas\/","title":{"rendered":"Booking"},"content":{"rendered":"<div data-elementor-type=\"wp-page\" data-elementor-id=\"2445\" class=\"elementor elementor-2445\" data-elementor-post-type=\"page\">\n\t\t\t\t<div class=\"elementor-element elementor-element-9c0896e e-con-full e-flex e-con e-parent\" data-id=\"9c0896e\" data-element_type=\"container\" data-e-type=\"container\">\n\t\t\t\t<div class=\"elementor-element elementor-element-1de597c elementor-widget elementor-widget-heading\" data-id=\"1de597c\" data-element_type=\"widget\" data-e-type=\"widget\" data-widget_type=\"heading.default\">\n\t\t\t\t<div class=\"elementor-widget-container\">\n\t\t\t\t\t<h1 class=\"elementor-heading-title elementor-size-default\">Booking<\/h1>\t\t\t\t<\/div>\n\t\t\t\t<\/div>\n\t\t\t\t<div class=\"elementor-element elementor-element-2efbd5f elementor-widget elementor-widget-spacer\" data-id=\"2efbd5f\" data-element_type=\"widget\" data-e-type=\"widget\" data-widget_type=\"spacer.default\">\n\t\t\t\t<div class=\"elementor-widget-container\">\n\t\t\t\t\t\t\t<div class=\"elementor-spacer\">\n\t\t\t<div class=\"elementor-spacer-inner\"><\/div>\n\t\t<\/div>\n\t\t\t\t\t\t<\/div>\n\t\t\t\t<\/div>\n\t\t\t\t<div class=\"elementor-element elementor-element-2ecab6b elementor-hidden-desktop elementor-hidden-laptop elementor-hidden-tablet_extra elementor-hidden-tablet elementor-hidden-mobile elementor-widget elementor-widget-heading\" data-id=\"2ecab6b\" data-element_type=\"widget\" data-e-type=\"widget\" data-widget_type=\"heading.default\">\n\t\t\t\t<div class=\"elementor-widget-container\">\n\t\t\t\t\t<h1 class=\"elementor-heading-title elementor-size-small\"><a href=\"https:\/\/relaxmurau.at\/en\/booking\/\" target=\"_blank\">If you cannot find a free date, please click here and choose the Relax Resort Hotel. The hotel is open until April 02st and is located only 300 meters from the ski lift. We also welcome our guests with a panoramic wellness area and children's animation.<\/a><\/h1>\t\t\t\t<\/div>\n\t\t\t\t<\/div>\n\t\t\t\t<\/div>\n\t\t<div class=\"elementor-element elementor-element-1043458 e-flex e-con-boxed e-con e-parent\" data-id=\"1043458\" data-element_type=\"container\" data-e-type=\"container\">\n\t\t\t\t\t<div class=\"e-con-inner\">\n\t\t\t\t<div class=\"elementor-element elementor-element-4ffdcb2 elementor-widget elementor-widget-html\" data-id=\"4ffdcb2\" data-element_type=\"widget\" data-e-type=\"widget\" data-no-translation=\"\" data-widget_type=\"html.default\">\n\t\t\t\t<div class=\"elementor-widget-container\">\n\t\t\t\t\t<style>.elementor-element-4ffdcb2{display:none !important}<\/style>\t\t\t\t<\/div>\n\t\t\t\t<\/div>\n\t\t\t\t<div class=\"elementor-element elementor-element-49d3d82 elementor-widget elementor-widget-html\" data-id=\"49d3d82\" data-element_type=\"widget\" data-e-type=\"widget\" data-no-translation=\"\" data-widget_type=\"html.default\">\n\t\t\t\t<div class=\"elementor-widget-container\">\n\t\t\t\t\t<style>.elementor-element-49d3d82{display:none !important}<\/style>\t\t\t\t<\/div>\n\t\t\t\t<\/div>\n\t\t\t\t<div class=\"elementor-element elementor-element-f7e393e elementor-widget elementor-widget-html\" data-id=\"f7e393e\" data-element_type=\"widget\" data-e-type=\"widget\" data-no-translation=\"\" data-widget_type=\"html.default\">\n\t\t\t\t<div class=\"elementor-widget-container\">\n\t\t\t\t\t<script src=\"https:\/\/nethotelbooking.net\/embed.RESnWEB.js?id=X39VV\"><\/script>\t\t\t\t<\/div>\n\t\t\t\t<\/div>\n\t\t\t\t\t<\/div>\n\t\t\t\t<\/div>\n\t\t\t\t<\/div>","protected":false},"excerpt":{"rendered":"<p>If you cannot find a free date, please click here and choose the Relax Resort Hotel. The hotel is open until April 02st and is located only 300 meters from the ski lift. We also welcome our guests with a panoramic wellness area and children's animation.<\/p>","protected":false},"author":4,"featured_media":0,"parent":0,"menu_order":0,"comment_status":"closed","ping_status":"closed","template":"","meta":{"footnotes":""},"class_list":["post-2445","page","type-page","status-publish","hentry"],"yoast_head":"<!-- This site is optimized with the Yoast SEO plugin v27.4 - https:\/\/yoast.com\/product\/yoast-seo-wordpress\/ -->\n<title>Foglal\u00e1s - Alpenblick Kreischberg<\/title>\n<meta name=\"robots\" content=\"index, follow, max-snippet:-1, max-image-preview:large, max-video-preview:-1\" \/>\n<link rel=\"canonical\" href=\"https:\/\/alpenblickkreischberg.at\/en\/booking\/\" \/>\n<meta property=\"og:locale\" content=\"en_GB\" \/>\n<meta property=\"og:type\" content=\"article\" \/>\n<meta property=\"og:title\" content=\"Foglal\u00e1s - Alpenblick Kreischberg\" \/>\n<meta property=\"og:description\" content=\"Amennyiben nem tal\u00e1l szabad id\u0151pontot, k\u00e9rj\u00fck kattintson ide \u00e9s v\u00e1lassza a Relax Resort Hotelt, mely \u00e1prilis 02-ig nyitva tart \u00e9s mind\u00f6ssze 300 m\u00e9terre tal\u00e1lhat\u00f3 a s\u00edfelvon\u00f3t\u00f3l. Emellett panor\u00e1m\u00e1s wellness \u00e9s gyermek anim\u00e1ci\u00f3 v\u00e1rja a vend\u00e9geket.\" \/>\n<meta property=\"og:url\" content=\"https:\/\/alpenblickkreischberg.at\/en\/booking\/\" \/>\n<meta property=\"og:site_name\" content=\"Alpenblick Kreischberg\" \/>\n<meta property=\"article:modified_time\" content=\"2025-06-04T15:46:08+00:00\" \/>\n<meta name=\"twitter:card\" content=\"summary_large_image\" \/>\n<meta name=\"twitter:label1\" content=\"Estimated reading time\" \/>\n\t<meta name=\"twitter:data1\" content=\"1 minute\" \/>\n<script type=\"application\/ld+json\" class=\"yoast-schema-graph\">{\"@context\":\"https:\\\/\\\/schema.org\",\"@graph\":[{\"@type\":\"WebPage\",\"@id\":\"https:\\\/\\\/alpenblickkreischberg.at\\\/en\\\/booking\\\/\",\"url\":\"https:\\\/\\\/alpenblickkreischberg.at\\\/en\\\/booking\\\/\",\"name\":\"Foglal\u00e1s - Alpenblick Kreischberg\",\"isPartOf\":{\"@id\":\"https:\\\/\\\/alpenblickkreischberg.at\\\/hu\\\/#website\"},\"datePublished\":\"2023-08-30T11:53:54+00:00\",\"dateModified\":\"2025-06-04T15:46:08+00:00\",\"breadcrumb\":{\"@id\":\"https:\\\/\\\/alpenblickkreischberg.at\\\/en\\\/booking\\\/#breadcrumb\"},\"inLanguage\":\"en-GB\",\"potentialAction\":[{\"@type\":\"ReadAction\",\"target\":[\"https:\\\/\\\/alpenblickkreischberg.at\\\/en\\\/booking\\\/\"]}]},{\"@type\":\"BreadcrumbList\",\"@id\":\"https:\\\/\\\/alpenblickkreischberg.at\\\/en\\\/booking\\\/#breadcrumb\",\"itemListElement\":[{\"@type\":\"ListItem\",\"position\":1,\"name\":\"Kezd\u0151lap\",\"item\":\"https:\\\/\\\/alpenblickkreischberg.at\\\/\"},{\"@type\":\"ListItem\",\"position\":2,\"name\":\"Foglal\u00e1s\"}]},{\"@type\":\"WebSite\",\"@id\":\"https:\\\/\\\/alpenblickkreischberg.at\\\/hu\\\/#website\",\"url\":\"https:\\\/\\\/alpenblickkreischberg.at\\\/hu\\\/\",\"name\":\"Alpenblick Kreischberg\",\"description\":\"Hotel a Kreischbergen Murau mellett\",\"publisher\":{\"@id\":\"https:\\\/\\\/alpenblickkreischberg.at\\\/hu\\\/#organization\"},\"potentialAction\":[{\"@type\":\"SearchAction\",\"target\":{\"@type\":\"EntryPoint\",\"urlTemplate\":\"https:\\\/\\\/alpenblickkreischberg.at\\\/hu\\\/?s={search_term_string}\"},\"query-input\":{\"@type\":\"PropertyValueSpecification\",\"valueRequired\":true,\"valueName\":\"search_term_string\"}}],\"inLanguage\":\"en-GB\"},{\"@type\":\"Organization\",\"@id\":\"https:\\\/\\\/alpenblickkreischberg.at\\\/hu\\\/#organization\",\"name\":\"Alpenblick Kreischberg\",\"url\":\"https:\\\/\\\/alpenblickkreischberg.at\\\/hu\\\/\",\"logo\":{\"@type\":\"ImageObject\",\"inLanguage\":\"en-GB\",\"@id\":\"https:\\\/\\\/alpenblickkreischberg.at\\\/hu\\\/#\\\/schema\\\/logo\\\/image\\\/\",\"url\":\"https:\\\/\\\/alpenblickkreischberg.at\\\/wp-content\\\/uploads\\\/2023\\\/06\\\/alpenblick-logo.png\",\"contentUrl\":\"https:\\\/\\\/alpenblickkreischberg.at\\\/wp-content\\\/uploads\\\/2023\\\/06\\\/alpenblick-logo.png\",\"width\":520,\"height\":212,\"caption\":\"Alpenblick Kreischberg\"},\"image\":{\"@id\":\"https:\\\/\\\/alpenblickkreischberg.at\\\/hu\\\/#\\\/schema\\\/logo\\\/image\\\/\"}}]}<\/script>\n<!-- \/ Yoast SEO plugin. -->","yoast_head_json":{"title":"Foglal\u00e1s - Alpenblick Kreischberg","robots":{"index":"index","follow":"follow","max-snippet":"max-snippet:-1","max-image-preview":"max-image-preview:large","max-video-preview":"max-video-preview:-1"},"canonical":"https:\/\/alpenblickkreischberg.at\/en\/booking\/","og_locale":"en_GB","og_type":"article","og_title":"Foglal\u00e1s - Alpenblick Kreischberg","og_description":"Amennyiben nem tal\u00e1l szabad id\u0151pontot, k\u00e9rj\u00fck kattintson ide \u00e9s v\u00e1lassza a Relax Resort Hotelt, mely \u00e1prilis 02-ig nyitva tart \u00e9s mind\u00f6ssze 300 m\u00e9terre tal\u00e1lhat\u00f3 a s\u00edfelvon\u00f3t\u00f3l. Emellett panor\u00e1m\u00e1s wellness \u00e9s gyermek anim\u00e1ci\u00f3 v\u00e1rja a vend\u00e9geket.","og_url":"https:\/\/alpenblickkreischberg.at\/en\/booking\/","og_site_name":"Alpenblick Kreischberg","article_modified_time":"2025-06-04T15:46:08+00:00","twitter_card":"summary_large_image","twitter_misc":{"Estimated reading time":"1 minute"},"schema":{"@context":"https:\/\/schema.org","@graph":[{"@type":"WebPage","@id":"https:\/\/alpenblickkreischberg.at\/en\/booking\/","url":"https:\/\/alpenblickkreischberg.at\/en\/booking\/","name":"Foglal\u00e1s - Alpenblick Kreischberg","isPartOf":{"@id":"https:\/\/alpenblickkreischberg.at\/hu\/#website"},"datePublished":"2023-08-30T11:53:54+00:00","dateModified":"2025-06-04T15:46:08+00:00","breadcrumb":{"@id":"https:\/\/alpenblickkreischberg.at\/en\/booking\/#breadcrumb"},"inLanguage":"en-GB","potentialAction":[{"@type":"ReadAction","target":["https:\/\/alpenblickkreischberg.at\/en\/booking\/"]}]},{"@type":"BreadcrumbList","@id":"https:\/\/alpenblickkreischberg.at\/en\/booking\/#breadcrumb","itemListElement":[{"@type":"ListItem","position":1,"name":"Kezd\u0151lap","item":"https:\/\/alpenblickkreischberg.at\/"},{"@type":"ListItem","position":2,"name":"Foglal\u00e1s"}]},{"@type":"WebSite","@id":"https:\/\/alpenblickkreischberg.at\/hu\/#website","url":"https:\/\/alpenblickkreischberg.at\/hu\/","name":"Alpenblick Kreischberg","description":"Hotel on the Kreischberg near Murau","publisher":{"@id":"https:\/\/alpenblickkreischberg.at\/hu\/#organization"},"potentialAction":[{"@type":"SearchAction","target":{"@type":"EntryPoint","urlTemplate":"https:\/\/alpenblickkreischberg.at\/hu\/?s={search_term_string}"},"query-input":{"@type":"PropertyValueSpecification","valueRequired":true,"valueName":"search_term_string"}}],"inLanguage":"en-GB"},{"@type":"Organization","@id":"https:\/\/alpenblickkreischberg.at\/hu\/#organization","name":"Alpenblick Kreischberg","url":"https:\/\/alpenblickkreischberg.at\/hu\/","logo":{"@type":"ImageObject","inLanguage":"en-GB","@id":"https:\/\/alpenblickkreischberg.at\/hu\/#\/schema\/logo\/image\/","url":"https:\/\/alpenblickkreischberg.at\/wp-content\/uploads\/2023\/06\/alpenblick-logo.png","contentUrl":"https:\/\/alpenblickkreischberg.at\/wp-content\/uploads\/2023\/06\/alpenblick-logo.png","width":520,"height":212,"caption":"Alpenblick Kreischberg"},"image":{"@id":"https:\/\/alpenblickkreischberg.at\/hu\/#\/schema\/logo\/image\/"}}]}},"_links":{"self":[{"href":"https:\/\/alpenblickkreischberg.at\/en\/wp-json\/wp\/v2\/pages\/2445","targetHints":{"allow":["GET"]}}],"collection":[{"href":"https:\/\/alpenblickkreischberg.at\/en\/wp-json\/wp\/v2\/pages"}],"about":[{"href":"https:\/\/alpenblickkreischberg.at\/en\/wp-json\/wp\/v2\/types\/page"}],"author":[{"embeddable":true,"href":"https:\/\/alpenblickkreischberg.at\/en\/wp-json\/wp\/v2\/users\/4"}],"replies":[{"embeddable":true,"href":"https:\/\/alpenblickkreischberg.at\/en\/wp-json\/wp\/v2\/comments?post=2445"}],"version-history":[{"count":5,"href":"https:\/\/alpenblickkreischberg.at\/en\/wp-json\/wp\/v2\/pages\/2445\/revisions"}],"predecessor-version":[{"id":3059,"href":"https:\/\/alpenblickkreischberg.at\/en\/wp-json\/wp\/v2\/pages\/2445\/revisions\/3059"}],"wp:attachment":[{"href":"https:\/\/alpenblickkreischberg.at\/en\/wp-json\/wp\/v2\/media?parent=2445"}],"curies":[{"name":"wp","href":"https:\/\/api.w.org\/{rel}","templated":true}]}}