{"id":1651,"date":"2023-07-20T16:51:51","date_gmt":"2023-07-20T14:51:51","guid":{"rendered":"http:\/\/alpenblickkreischberg.at\/?page_id=1651"},"modified":"2023-12-06T19:48:56","modified_gmt":"2023-12-06T18:48:56","slug":"information","status":"publish","type":"page","link":"https:\/\/alpenblickkreischberg.at\/de\/information\/","title":{"rendered":"Information"},"content":{"rendered":"<div data-elementor-type=\"wp-page\" data-elementor-id=\"1651\" class=\"elementor elementor-1651\" data-elementor-post-type=\"page\">\n\t\t\t\t<div class=\"elementor-element elementor-element-acb0629 e-con-full e-flex e-con e-parent\" data-id=\"acb0629\" data-element_type=\"container\" data-e-type=\"container\">\n\t\t\t\t<div class=\"elementor-element elementor-element-118a634 elementor-widget elementor-widget-heading\" data-id=\"118a634\" data-element_type=\"widget\" data-e-type=\"widget\" data-widget_type=\"heading.default\">\n\t\t\t\t<div class=\"elementor-widget-container\">\n\t\t\t\t\t<h1 class=\"elementor-heading-title elementor-size-default\">Information<\/h1>\t\t\t\t<\/div>\n\t\t\t\t<\/div>\n\t\t<div class=\"elementor-element elementor-element-7e127a6 e-flex e-con-boxed e-con e-parent\" data-id=\"7e127a6\" data-element_type=\"container\" data-e-type=\"container\">\n\t\t\t\t\t<div class=\"e-con-inner\">\n\t\t\t\t\t<\/div>\n\t\t\t\t<\/div>\n\t\t\t\t<div class=\"elementor-element elementor-element-48687e0 elementor-widget-divider--view-line elementor-widget elementor-widget-divider\" data-id=\"48687e0\" data-element_type=\"widget\" data-e-type=\"widget\" data-widget_type=\"divider.default\">\n\t\t\t\t<div class=\"elementor-widget-container\">\n\t\t\t\t\t\t\t<div class=\"elementor-divider\">\n\t\t\t<span class=\"elementor-divider-separator\">\n\t\t\t\t\t\t<\/span>\n\t\t<\/div>\n\t\t\t\t\t\t<\/div>\n\t\t\t\t<\/div>\n\t\t\t\t<\/div>\n\t\t<div class=\"elementor-element elementor-element-bf2d502 e-flex e-con-boxed e-con e-parent\" data-id=\"bf2d502\" data-element_type=\"container\" data-e-type=\"container\">\n\t\t\t\t\t<div class=\"e-con-inner\">\n\t\t<div class=\"elementor-element elementor-element-3675d8b e-con-full e-flex e-con e-parent\" data-id=\"3675d8b\" data-element_type=\"container\" data-e-type=\"container\">\n\t\t\t\t<div class=\"elementor-element elementor-element-bb0bc79 elementor-widget elementor-widget-heading\" data-id=\"bb0bc79\" data-element_type=\"widget\" data-e-type=\"widget\" data-widget_type=\"heading.default\">\n\t\t\t\t<div class=\"elementor-widget-container\">\n\t\t\t\t\t<h2 class=\"elementor-heading-title elementor-size-default\">\u00d6ffnungszeiten\/\nOpening Hours\/\nNyitvatart\u00e1sok\n<br><\/h2>\t\t\t\t<\/div>\n\t\t\t\t<\/div>\n\t\t\t\t<\/div>\n\t\t\t\t\t<\/div>\n\t\t\t\t<\/div>\n\t\t<div class=\"elementor-element elementor-element-9e573f6 e-flex e-con-boxed e-con e-parent\" data-id=\"9e573f6\" data-element_type=\"container\" data-e-type=\"container\">\n\t\t\t\t\t<div class=\"e-con-inner\">\n\t\t\t\t<div class=\"elementor-element elementor-element-6b8d728 elementor-widget elementor-widget-text-editor\" data-id=\"6b8d728\" data-element_type=\"widget\" data-e-type=\"widget\" data-widget_type=\"text-editor.default\">\n\t\t\t\t<div class=\"elementor-widget-container\">\n\t\t\t\t\t\t\t\t\t<p style=\"text-align: center;\"><strong>Rezeption \/ Reception \/ Recepci\u00f3:<\/strong> 07:00 \u2013 22:00<\/p><p style=\"text-align: center;\"><strong>Restaurant \/ Restaurant \/ \u00c9tterem<\/strong> <br \/>Fr\u00fchst\u00fcck \/ Breakfast \/ Reggeli 07:00 \u2013 10:00<br \/>Abendessen \/ Dinner \/ Vacsora 18:00 \u2013 21:00<\/p><p style=\"text-align: center;\"><strong>Bar:<\/strong> 07:00 \u2013 12:00; 16:00 &#8211; 23:00<br \/><strong>Wellness:<\/strong> 07:30 \u2013 21:00<br \/><strong>Sauna:<\/strong> 15:30 \u2013 21:00<br \/><strong>Fitness:<\/strong> 07:00 \u2013 21:00<br \/><strong>Spielzimmer\/Children\u00b4s play room \/J\u00e1tsz\u00f3szoba:<\/strong> 07:00 \u2013 21:00<\/p>\t\t\t\t\t\t\t\t<\/div>\n\t\t\t\t<\/div>\n\t\t\t\t\t<\/div>\n\t\t\t\t<\/div>\n\t\t<div class=\"elementor-element elementor-element-6fa8c0a e-flex e-con-boxed e-con e-parent\" data-id=\"6fa8c0a\" data-element_type=\"container\" data-e-type=\"container\">\n\t\t\t\t\t<div class=\"e-con-inner\">\n\t\t<div class=\"elementor-element elementor-element-1a38087 e-con-full e-flex e-con e-parent\" data-id=\"1a38087\" data-element_type=\"container\" data-e-type=\"container\">\n\t\t\t\t<div class=\"elementor-element elementor-element-340e1c8 elementor-widget elementor-widget-image\" data-id=\"340e1c8\" data-element_type=\"widget\" data-e-type=\"widget\" data-widget_type=\"image.default\">\n\t\t\t\t<div class=\"elementor-widget-container\">\n\t\t\t\t\t\t\t\t\t\t\t\t\t\t\t<img fetchpriority=\"high\" decoding=\"async\" width=\"768\" height=\"512\" src=\"https:\/\/alpenblickkreischberg.at\/wp-content\/uploads\/2023\/07\/SIM_1270-768x512.jpg\" class=\"attachment-medium_large size-medium_large wp-image-1673\" alt=\"\" srcset=\"https:\/\/alpenblickkreischberg.at\/wp-content\/uploads\/2023\/07\/SIM_1270-768x512.jpg 768w, https:\/\/alpenblickkreischberg.at\/wp-content\/uploads\/2023\/07\/SIM_1270-300x200.jpg 300w, https:\/\/alpenblickkreischberg.at\/wp-content\/uploads\/2023\/07\/SIM_1270-18x12.jpg 18w, https:\/\/alpenblickkreischberg.at\/wp-content\/uploads\/2023\/07\/SIM_1270.jpg 900w\" sizes=\"(max-width: 768px) 100vw, 768px\" \/>\t\t\t\t\t\t\t\t\t\t\t\t\t\t\t<\/div>\n\t\t\t\t<\/div>\n\t\t\t\t<div class=\"elementor-element elementor-element-729d38b elementor-widget elementor-widget-heading\" data-id=\"729d38b\" data-element_type=\"widget\" data-e-type=\"widget\" data-widget_type=\"heading.default\">\n\t\t\t\t<div class=\"elementor-widget-container\">\n\t\t\t\t\t<h2 class=\"elementor-heading-title elementor-size-default\">Mini bar \/ Mini b\u00e1r k\u00edn\u00e1lat<\/h2>\t\t\t\t<\/div>\n\t\t\t\t<\/div>\n\t\t\t\t<div class=\"elementor-element elementor-element-741c2e6 elementor-widget elementor-widget-heading\" data-id=\"741c2e6\" data-element_type=\"widget\" data-e-type=\"widget\" data-widget_type=\"heading.default\">\n\t\t\t\t<div class=\"elementor-widget-container\">\n\t\t\t\t\t<div class=\"elementor-heading-title elementor-size-default\">Auf Anfrage<\/div>\t\t\t\t<\/div>\n\t\t\t\t<\/div>\n\t\t\t\t<div class=\"elementor-element elementor-element-37b9626 elementor-align-center elementor-widget elementor-widget-button\" data-id=\"37b9626\" data-element_type=\"widget\" data-e-type=\"widget\" data-widget_type=\"button.default\">\n\t\t\t\t<div class=\"elementor-widget-container\">\n\t\t\t\t\t\t\t\t\t<div class=\"elementor-button-wrapper\">\n\t\t\t\t\t<a class=\"elementor-button elementor-button-link elementor-size-sm\" href=\"http:\/\/alpenblickkreischberg.at\/wp-content\/uploads\/2023\/12\/Alpenblick-Minibar-kinalat.pdf\">\n\t\t\t\t\t\t<span class=\"elementor-button-content-wrapper\">\n\t\t\t\t\t\t\t\t\t<span class=\"elementor-button-text\">let\u00f6lt\u00e9s<\/span>\n\t\t\t\t\t<\/span>\n\t\t\t\t\t<\/a>\n\t\t\t\t<\/div>\n\t\t\t\t\t\t\t\t<\/div>\n\t\t\t\t<\/div>\n\t\t\t\t<\/div>\n\t\t<div class=\"elementor-element elementor-element-fbaa697 e-con-full e-flex e-con e-parent\" data-id=\"fbaa697\" data-element_type=\"container\" data-e-type=\"container\">\n\t\t\t\t<div class=\"elementor-element elementor-element-ca189a0 elementor-widget elementor-widget-image\" data-id=\"ca189a0\" data-element_type=\"widget\" data-e-type=\"widget\" data-widget_type=\"image.default\">\n\t\t\t\t<div class=\"elementor-widget-container\">\n\t\t\t\t\t\t\t\t\t\t\t\t\t\t\t<img decoding=\"async\" width=\"768\" height=\"512\" src=\"https:\/\/alpenblickkreischberg.at\/wp-content\/uploads\/2023\/07\/maxibar-768x512.png\" class=\"attachment-medium_large size-medium_large wp-image-1675\" alt=\"\" srcset=\"https:\/\/alpenblickkreischberg.at\/wp-content\/uploads\/2023\/07\/maxibar-768x512.png 768w, https:\/\/alpenblickkreischberg.at\/wp-content\/uploads\/2023\/07\/maxibar-300x200.png 300w, https:\/\/alpenblickkreischberg.at\/wp-content\/uploads\/2023\/07\/maxibar-18x12.png 18w, https:\/\/alpenblickkreischberg.at\/wp-content\/uploads\/2023\/07\/maxibar.png 900w\" sizes=\"(max-width: 768px) 100vw, 768px\" \/>\t\t\t\t\t\t\t\t\t\t\t\t\t\t\t<\/div>\n\t\t\t\t<\/div>\n\t\t\t\t<div class=\"elementor-element elementor-element-65496ea elementor-widget elementor-widget-heading\" data-id=\"65496ea\" data-element_type=\"widget\" data-e-type=\"widget\" data-widget_type=\"heading.default\">\n\t\t\t\t<div class=\"elementor-widget-container\">\n\t\t\t\t\t<h2 class=\"elementor-heading-title elementor-size-default\">Maxi bar \/ Maxi b\u00e1r k\u00edn\u00e1lat<\/h2>\t\t\t\t<\/div>\n\t\t\t\t<\/div>\n\t\t\t\t<div class=\"elementor-element elementor-element-480df9c elementor-widget elementor-widget-heading\" data-id=\"480df9c\" data-element_type=\"widget\" data-e-type=\"widget\" data-widget_type=\"heading.default\">\n\t\t\t\t<div class=\"elementor-widget-container\">\n\t\t\t\t\t<div class=\"elementor-heading-title elementor-size-default\">Zur Verf\u00fcgung an der Rezeption \/ El\u00e9rhet\u0151 a recepci\u00f3n \/ \nAvailable at the Reception<\/div>\t\t\t\t<\/div>\n\t\t\t\t<\/div>\n\t\t\t\t<div class=\"elementor-element elementor-element-49c714c elementor-align-center elementor-widget elementor-widget-button\" data-id=\"49c714c\" data-element_type=\"widget\" data-e-type=\"widget\" data-widget_type=\"button.default\">\n\t\t\t\t<div class=\"elementor-widget-container\">\n\t\t\t\t\t\t\t\t\t<div class=\"elementor-button-wrapper\">\n\t\t\t\t\t<a class=\"elementor-button elementor-button-link elementor-size-sm\" href=\"http:\/\/alpenblickkreischberg.at\/wp-content\/uploads\/2023\/12\/Alpenblick-maxibar-kinalat.pdf\">\n\t\t\t\t\t\t<span class=\"elementor-button-content-wrapper\">\n\t\t\t\t\t\t\t\t\t<span class=\"elementor-button-text\">Let\u00f6lt\u00e9s<\/span>\n\t\t\t\t\t<\/span>\n\t\t\t\t\t<\/a>\n\t\t\t\t<\/div>\n\t\t\t\t\t\t\t\t<\/div>\n\t\t\t\t<\/div>\n\t\t\t\t<\/div>\n\t\t\t\t\t<\/div>\n\t\t\t\t<\/div>\n\t\t<div class=\"elementor-element elementor-element-80dfd37 e-flex e-con-boxed e-con e-parent\" data-id=\"80dfd37\" data-element_type=\"container\" data-e-type=\"container\">\n\t\t\t\t\t<div class=\"e-con-inner\">\n\t\t<div class=\"elementor-element elementor-element-50e3f1a e-con-full e-flex e-con e-parent\" data-id=\"50e3f1a\" data-element_type=\"container\" data-e-type=\"container\">\n\t\t\t\t<div class=\"elementor-element elementor-element-65fe8b6 elementor-widget elementor-widget-image\" data-id=\"65fe8b6\" data-element_type=\"widget\" data-e-type=\"widget\" data-widget_type=\"image.default\">\n\t\t\t\t<div class=\"elementor-widget-container\">\n\t\t\t\t\t\t\t\t\t\t\t\t\t\t\t<img decoding=\"async\" width=\"768\" height=\"512\" src=\"https:\/\/alpenblickkreischberg.at\/wp-content\/uploads\/2023\/07\/massage-768x512.png\" class=\"attachment-medium_large size-medium_large wp-image-1682\" alt=\"\" srcset=\"https:\/\/alpenblickkreischberg.at\/wp-content\/uploads\/2023\/07\/massage-768x512.png 768w, https:\/\/alpenblickkreischberg.at\/wp-content\/uploads\/2023\/07\/massage-300x200.png 300w, https:\/\/alpenblickkreischberg.at\/wp-content\/uploads\/2023\/07\/massage-18x12.png 18w, https:\/\/alpenblickkreischberg.at\/wp-content\/uploads\/2023\/07\/massage.png 900w\" sizes=\"(max-width: 768px) 100vw, 768px\" \/>\t\t\t\t\t\t\t\t\t\t\t\t\t\t\t<\/div>\n\t\t\t\t<\/div>\n\t\t\t\t<div class=\"elementor-element elementor-element-1283b64 elementor-widget elementor-widget-heading\" data-id=\"1283b64\" data-element_type=\"widget\" data-e-type=\"widget\" data-widget_type=\"heading.default\">\n\t\t\t\t<div class=\"elementor-widget-container\">\n\t\t\t\t\t<h2 class=\"elementor-heading-title elementor-size-default\">Massage\/massz\u00e1zs<\/h2>\t\t\t\t<\/div>\n\t\t\t\t<\/div>\n\t\t\t\t<div class=\"elementor-element elementor-element-ed329f4 elementor-align-center elementor-widget elementor-widget-button\" data-id=\"ed329f4\" data-element_type=\"widget\" data-e-type=\"widget\" data-widget_type=\"button.default\">\n\t\t\t\t<div class=\"elementor-widget-container\">\n\t\t\t\t\t\t\t\t\t<div class=\"elementor-button-wrapper\">\n\t\t\t\t\t<a class=\"elementor-button elementor-button-link elementor-size-sm\" href=\"http:\/\/alpenblickkreischberg.at\/wp-content\/uploads\/2023\/12\/Masszazs-2023-Wintersaison-HU.pdf\">\n\t\t\t\t\t\t<span class=\"elementor-button-content-wrapper\">\n\t\t\t\t\t\t\t\t\t<span class=\"elementor-button-text\">let\u00f6lt\u00e9s<\/span>\n\t\t\t\t\t<\/span>\n\t\t\t\t\t<\/a>\n\t\t\t\t<\/div>\n\t\t\t\t\t\t\t\t<\/div>\n\t\t\t\t<\/div>\n\t\t\t\t<div class=\"elementor-element elementor-element-b97bfdc elementor-align-center elementor-widget elementor-widget-button\" data-id=\"b97bfdc\" data-element_type=\"widget\" data-e-type=\"widget\" data-widget_type=\"button.default\">\n\t\t\t\t<div class=\"elementor-widget-container\">\n\t\t\t\t\t\t\t\t\t<div class=\"elementor-button-wrapper\">\n\t\t\t\t\t<a class=\"elementor-button elementor-button-link elementor-size-sm\" href=\"http:\/\/alpenblickkreischberg.at\/wp-content\/uploads\/2023\/12\/Masszazs-2023-Wintersaison-DE.pdf\">\n\t\t\t\t\t\t<span class=\"elementor-button-content-wrapper\">\n\t\t\t\t\t\t\t\t\t<span class=\"elementor-button-text\">Download (deutsch)<\/span>\n\t\t\t\t\t<\/span>\n\t\t\t\t\t<\/a>\n\t\t\t\t<\/div>\n\t\t\t\t\t\t\t\t<\/div>\n\t\t\t\t<\/div>\n\t\t\t\t<div class=\"elementor-element elementor-element-1eb21d6 elementor-align-center elementor-widget elementor-widget-button\" data-id=\"1eb21d6\" data-element_type=\"widget\" data-e-type=\"widget\" data-widget_type=\"button.default\">\n\t\t\t\t<div class=\"elementor-widget-container\">\n\t\t\t\t\t\t\t\t\t<div class=\"elementor-button-wrapper\">\n\t\t\t\t\t<a class=\"elementor-button elementor-button-link elementor-size-sm\" href=\"http:\/\/alpenblickkreischberg.at\/wp-content\/uploads\/2023\/12\/Masszazs-2023-Wintersaison-ENG.pdf\">\n\t\t\t\t\t\t<span class=\"elementor-button-content-wrapper\">\n\t\t\t\t\t\t\t\t\t<span class=\"elementor-button-text\">Download<\/span>\n\t\t\t\t\t<\/span>\n\t\t\t\t\t<\/a>\n\t\t\t\t<\/div>\n\t\t\t\t\t\t\t\t<\/div>\n\t\t\t\t<\/div>\n\t\t\t\t<\/div>\n\t\t<div class=\"elementor-element elementor-element-0671a56 e-con-full e-flex e-con e-parent\" data-id=\"0671a56\" data-element_type=\"container\" data-e-type=\"container\">\n\t\t\t\t<div class=\"elementor-element elementor-element-28acb58 elementor-widget elementor-widget-image\" data-id=\"28acb58\" data-element_type=\"widget\" data-e-type=\"widget\" data-widget_type=\"image.default\">\n\t\t\t\t<div class=\"elementor-widget-container\">\n\t\t\t\t\t\t\t\t\t\t\t\t\t\t\t<img loading=\"lazy\" decoding=\"async\" width=\"768\" height=\"512\" src=\"https:\/\/alpenblickkreischberg.at\/wp-content\/uploads\/2023\/07\/SIM_1407-768x512.jpg\" class=\"attachment-medium_large size-medium_large wp-image-1518\" alt=\"\" srcset=\"https:\/\/alpenblickkreischberg.at\/wp-content\/uploads\/2023\/07\/SIM_1407-768x512.jpg 768w, https:\/\/alpenblickkreischberg.at\/wp-content\/uploads\/2023\/07\/SIM_1407-300x200.jpg 300w, https:\/\/alpenblickkreischberg.at\/wp-content\/uploads\/2023\/07\/SIM_1407-1024x683.jpg 1024w, https:\/\/alpenblickkreischberg.at\/wp-content\/uploads\/2023\/07\/SIM_1407-18x12.jpg 18w, https:\/\/alpenblickkreischberg.at\/wp-content\/uploads\/2023\/07\/SIM_1407.jpg 1486w\" sizes=\"(max-width: 768px) 100vw, 768px\" \/>\t\t\t\t\t\t\t\t\t\t\t\t\t\t\t<\/div>\n\t\t\t\t<\/div>\n\t\t\t\t<div class=\"elementor-element elementor-element-67fbea9 elementor-widget elementor-widget-heading\" data-id=\"67fbea9\" data-element_type=\"widget\" data-e-type=\"widget\" data-widget_type=\"heading.default\">\n\t\t\t\t<div class=\"elementor-widget-container\">\n\t\t\t\t\t<h2 class=\"elementor-heading-title elementor-size-default\">Relax Info (A-Z)<\/h2>\t\t\t\t<\/div>\n\t\t\t\t<\/div>\n\t\t\t\t<div class=\"elementor-element elementor-element-6ef768f elementor-align-center elementor-widget elementor-widget-button\" data-id=\"6ef768f\" data-element_type=\"widget\" data-e-type=\"widget\" data-widget_type=\"button.default\">\n\t\t\t\t<div class=\"elementor-widget-container\">\n\t\t\t\t\t\t\t\t\t<div class=\"elementor-button-wrapper\">\n\t\t\t\t\t<a class=\"elementor-button elementor-button-link elementor-size-sm\" href=\"http:\/\/alpenblickkreischberg.at\/wp-content\/uploads\/2023\/12\/A-Z-Alpi-alle-Sprachen-Winter-2023-KESZ.pdf\">\n\t\t\t\t\t\t<span class=\"elementor-button-content-wrapper\">\n\t\t\t\t\t\t\t\t\t<span class=\"elementor-button-text\">Download<\/span>\n\t\t\t\t\t<\/span>\n\t\t\t\t\t<\/a>\n\t\t\t\t<\/div>\n\t\t\t\t\t\t\t\t<\/div>\n\t\t\t\t<\/div>\n\t\t\t\t<\/div>\n\t\t\t\t\t<\/div>\n\t\t\t\t<\/div>\n\t\t\t\t<\/div>","protected":false},"excerpt":{"rendered":"<p>\u00d6ffnungszeiten\/ Opening Hours\/ Nyitvatart\u00e1sok Rezeption \/ Reception \/ Recepci\u00f3: 07:00 \u2013 22:00 Restaurant \/ Restaurant \/ \u00c9tterem Fr\u00fchst\u00fcck \/ Breakfast \/ Reggeli 07:00 \u2013 10:00Abendessen \/ Dinner \/ Vacsora 18:00 \u2013 21:00 Bar: 07:00 \u2013 12:00; 16:00 &#8211; 23:00Wellness: 07:30 \u2013 21:00Sauna: 15:30 \u2013 21:00Fitness: 07:00 \u2013 21:00Spielzimmer\/Children\u00b4s play room \/J\u00e1tsz\u00f3szoba: 07:00 \u2013 21:00 Mini [&hellip;]<\/p>\n","protected":false},"author":4,"featured_media":0,"parent":0,"menu_order":0,"comment_status":"closed","ping_status":"closed","template":"","meta":{"footnotes":""},"class_list":["post-1651","page","type-page","status-publish","hentry"],"yoast_head":"<!-- This site is optimized with the Yoast SEO plugin v27.4 - https:\/\/yoast.com\/product\/yoast-seo-wordpress\/ -->\n<title>Information - Alpenblick Kreischberg<\/title>\n<meta name=\"robots\" content=\"index, follow, max-snippet:-1, max-image-preview:large, max-video-preview:-1\" \/>\n<link rel=\"canonical\" href=\"https:\/\/alpenblickkreischberg.at\/de\/information\/\" \/>\n<meta property=\"og:locale\" content=\"de_DE\" \/>\n<meta property=\"og:type\" content=\"article\" \/>\n<meta property=\"og:title\" content=\"Information - Alpenblick Kreischberg\" \/>\n<meta property=\"og:description\" content=\"\u00d6ffnungszeiten\/ Opening Hours\/ Nyitvatart\u00e1sok Rezeption \/ Reception \/ Recepci\u00f3: 07:00 \u2013 22:00 Restaurant \/ Restaurant \/ \u00c9tterem Fr\u00fchst\u00fcck \/ Breakfast \/ Reggeli 07:00 \u2013 10:00Abendessen \/ Dinner \/ Vacsora 18:00 \u2013 21:00 Bar: 07:00 \u2013 12:00; 16:00 &#8211; 23:00Wellness: 07:30 \u2013 21:00Sauna: 15:30 \u2013 21:00Fitness: 07:00 \u2013 21:00Spielzimmer\/Children\u00b4s play room \/J\u00e1tsz\u00f3szoba: 07:00 \u2013 21:00 Mini [&hellip;]\" \/>\n<meta property=\"og:url\" content=\"https:\/\/alpenblickkreischberg.at\/de\/information\/\" \/>\n<meta property=\"og:site_name\" content=\"Alpenblick Kreischberg\" \/>\n<meta property=\"article:modified_time\" content=\"2023-12-06T18:48:56+00:00\" \/>\n<meta property=\"og:image\" content=\"http:\/\/alpenblickkreischberg.at\/wp-content\/uploads\/2023\/07\/SIM_1270-768x512.jpg\" \/>\n<meta name=\"twitter:card\" content=\"summary_large_image\" \/>\n<meta name=\"twitter:label1\" content=\"Gesch\u00e4tzte Lesezeit\" \/>\n\t<meta name=\"twitter:data1\" content=\"2\u00a0Minuten\" \/>\n<script type=\"application\/ld+json\" class=\"yoast-schema-graph\">{\"@context\":\"https:\\\/\\\/schema.org\",\"@graph\":[{\"@type\":\"WebPage\",\"@id\":\"https:\\\/\\\/alpenblickkreischberg.at\\\/information\\\/\",\"url\":\"https:\\\/\\\/alpenblickkreischberg.at\\\/information\\\/\",\"name\":\"Information - Alpenblick Kreischberg\",\"isPartOf\":{\"@id\":\"https:\\\/\\\/alpenblickkreischberg.at\\\/hu\\\/#website\"},\"primaryImageOfPage\":{\"@id\":\"https:\\\/\\\/alpenblickkreischberg.at\\\/information\\\/#primaryimage\"},\"image\":{\"@id\":\"https:\\\/\\\/alpenblickkreischberg.at\\\/information\\\/#primaryimage\"},\"thumbnailUrl\":\"http:\\\/\\\/alpenblickkreischberg.at\\\/wp-content\\\/uploads\\\/2023\\\/07\\\/SIM_1270-768x512.jpg\",\"datePublished\":\"2023-07-20T14:51:51+00:00\",\"dateModified\":\"2023-12-06T18:48:56+00:00\",\"breadcrumb\":{\"@id\":\"https:\\\/\\\/alpenblickkreischberg.at\\\/information\\\/#breadcrumb\"},\"inLanguage\":\"de\",\"potentialAction\":[{\"@type\":\"ReadAction\",\"target\":[\"https:\\\/\\\/alpenblickkreischberg.at\\\/information\\\/\"]}]},{\"@type\":\"ImageObject\",\"inLanguage\":\"de\",\"@id\":\"https:\\\/\\\/alpenblickkreischberg.at\\\/information\\\/#primaryimage\",\"url\":\"http:\\\/\\\/alpenblickkreischberg.at\\\/wp-content\\\/uploads\\\/2023\\\/07\\\/SIM_1270-768x512.jpg\",\"contentUrl\":\"http:\\\/\\\/alpenblickkreischberg.at\\\/wp-content\\\/uploads\\\/2023\\\/07\\\/SIM_1270-768x512.jpg\"},{\"@type\":\"BreadcrumbList\",\"@id\":\"https:\\\/\\\/alpenblickkreischberg.at\\\/information\\\/#breadcrumb\",\"itemListElement\":[{\"@type\":\"ListItem\",\"position\":1,\"name\":\"Kezd\u0151lap\",\"item\":\"https:\\\/\\\/alpenblickkreischberg.at\\\/\"},{\"@type\":\"ListItem\",\"position\":2,\"name\":\"Information\"}]},{\"@type\":\"WebSite\",\"@id\":\"https:\\\/\\\/alpenblickkreischberg.at\\\/hu\\\/#website\",\"url\":\"https:\\\/\\\/alpenblickkreischberg.at\\\/hu\\\/\",\"name\":\"Alpenblick Kreischberg\",\"description\":\"Hotel a Kreischbergen Murau mellett\",\"publisher\":{\"@id\":\"https:\\\/\\\/alpenblickkreischberg.at\\\/hu\\\/#organization\"},\"potentialAction\":[{\"@type\":\"SearchAction\",\"target\":{\"@type\":\"EntryPoint\",\"urlTemplate\":\"https:\\\/\\\/alpenblickkreischberg.at\\\/hu\\\/?s={search_term_string}\"},\"query-input\":{\"@type\":\"PropertyValueSpecification\",\"valueRequired\":true,\"valueName\":\"search_term_string\"}}],\"inLanguage\":\"de\"},{\"@type\":\"Organization\",\"@id\":\"https:\\\/\\\/alpenblickkreischberg.at\\\/hu\\\/#organization\",\"name\":\"Alpenblick Kreischberg\",\"url\":\"https:\\\/\\\/alpenblickkreischberg.at\\\/hu\\\/\",\"logo\":{\"@type\":\"ImageObject\",\"inLanguage\":\"de\",\"@id\":\"https:\\\/\\\/alpenblickkreischberg.at\\\/hu\\\/#\\\/schema\\\/logo\\\/image\\\/\",\"url\":\"https:\\\/\\\/alpenblickkreischberg.at\\\/wp-content\\\/uploads\\\/2023\\\/06\\\/alpenblick-logo.png\",\"contentUrl\":\"https:\\\/\\\/alpenblickkreischberg.at\\\/wp-content\\\/uploads\\\/2023\\\/06\\\/alpenblick-logo.png\",\"width\":520,\"height\":212,\"caption\":\"Alpenblick Kreischberg\"},\"image\":{\"@id\":\"https:\\\/\\\/alpenblickkreischberg.at\\\/hu\\\/#\\\/schema\\\/logo\\\/image\\\/\"}}]}<\/script>\n<!-- \/ Yoast SEO plugin. -->","yoast_head_json":{"title":"Information - Alpenblick Kreischberg","robots":{"index":"index","follow":"follow","max-snippet":"max-snippet:-1","max-image-preview":"max-image-preview:large","max-video-preview":"max-video-preview:-1"},"canonical":"https:\/\/alpenblickkreischberg.at\/de\/information\/","og_locale":"de_DE","og_type":"article","og_title":"Information - Alpenblick Kreischberg","og_description":"\u00d6ffnungszeiten\/ Opening Hours\/ Nyitvatart\u00e1sok Rezeption \/ Reception \/ Recepci\u00f3: 07:00 \u2013 22:00 Restaurant \/ Restaurant \/ \u00c9tterem Fr\u00fchst\u00fcck \/ Breakfast \/ Reggeli 07:00 \u2013 10:00Abendessen \/ Dinner \/ Vacsora 18:00 \u2013 21:00 Bar: 07:00 \u2013 12:00; 16:00 &#8211; 23:00Wellness: 07:30 \u2013 21:00Sauna: 15:30 \u2013 21:00Fitness: 07:00 \u2013 21:00Spielzimmer\/Children\u00b4s play room \/J\u00e1tsz\u00f3szoba: 07:00 \u2013 21:00 Mini [&hellip;]","og_url":"https:\/\/alpenblickkreischberg.at\/de\/information\/","og_site_name":"Alpenblick Kreischberg","article_modified_time":"2023-12-06T18:48:56+00:00","og_image":[{"url":"http:\/\/alpenblickkreischberg.at\/wp-content\/uploads\/2023\/07\/SIM_1270-768x512.jpg","type":"","width":"","height":""}],"twitter_card":"summary_large_image","twitter_misc":{"Gesch\u00e4tzte Lesezeit":"2\u00a0Minuten"},"schema":{"@context":"https:\/\/schema.org","@graph":[{"@type":"WebPage","@id":"https:\/\/alpenblickkreischberg.at\/information\/","url":"https:\/\/alpenblickkreischberg.at\/information\/","name":"Information - Alpenblick Kreischberg","isPartOf":{"@id":"https:\/\/alpenblickkreischberg.at\/hu\/#website"},"primaryImageOfPage":{"@id":"https:\/\/alpenblickkreischberg.at\/information\/#primaryimage"},"image":{"@id":"https:\/\/alpenblickkreischberg.at\/information\/#primaryimage"},"thumbnailUrl":"http:\/\/alpenblickkreischberg.at\/wp-content\/uploads\/2023\/07\/SIM_1270-768x512.jpg","datePublished":"2023-07-20T14:51:51+00:00","dateModified":"2023-12-06T18:48:56+00:00","breadcrumb":{"@id":"https:\/\/alpenblickkreischberg.at\/information\/#breadcrumb"},"inLanguage":"de","potentialAction":[{"@type":"ReadAction","target":["https:\/\/alpenblickkreischberg.at\/information\/"]}]},{"@type":"ImageObject","inLanguage":"de","@id":"https:\/\/alpenblickkreischberg.at\/information\/#primaryimage","url":"http:\/\/alpenblickkreischberg.at\/wp-content\/uploads\/2023\/07\/SIM_1270-768x512.jpg","contentUrl":"http:\/\/alpenblickkreischberg.at\/wp-content\/uploads\/2023\/07\/SIM_1270-768x512.jpg"},{"@type":"BreadcrumbList","@id":"https:\/\/alpenblickkreischberg.at\/information\/#breadcrumb","itemListElement":[{"@type":"ListItem","position":1,"name":"Kezd\u0151lap","item":"https:\/\/alpenblickkreischberg.at\/"},{"@type":"ListItem","position":2,"name":"Information"}]},{"@type":"WebSite","@id":"https:\/\/alpenblickkreischberg.at\/hu\/#website","url":"https:\/\/alpenblickkreischberg.at\/hu\/","name":"Alpenblick Kreischberg","description":"Hotel auf dem Kreischberg bei Murau","publisher":{"@id":"https:\/\/alpenblickkreischberg.at\/hu\/#organization"},"potentialAction":[{"@type":"SearchAction","target":{"@type":"EntryPoint","urlTemplate":"https:\/\/alpenblickkreischberg.at\/hu\/?s={search_term_string}"},"query-input":{"@type":"PropertyValueSpecification","valueRequired":true,"valueName":"search_term_string"}}],"inLanguage":"de"},{"@type":"Organization","@id":"https:\/\/alpenblickkreischberg.at\/hu\/#organization","name":"Alpenblick Kreischberg","url":"https:\/\/alpenblickkreischberg.at\/hu\/","logo":{"@type":"ImageObject","inLanguage":"de","@id":"https:\/\/alpenblickkreischberg.at\/hu\/#\/schema\/logo\/image\/","url":"https:\/\/alpenblickkreischberg.at\/wp-content\/uploads\/2023\/06\/alpenblick-logo.png","contentUrl":"https:\/\/alpenblickkreischberg.at\/wp-content\/uploads\/2023\/06\/alpenblick-logo.png","width":520,"height":212,"caption":"Alpenblick Kreischberg"},"image":{"@id":"https:\/\/alpenblickkreischberg.at\/hu\/#\/schema\/logo\/image\/"}}]}},"_links":{"self":[{"href":"https:\/\/alpenblickkreischberg.at\/de\/wp-json\/wp\/v2\/pages\/1651","targetHints":{"allow":["GET"]}}],"collection":[{"href":"https:\/\/alpenblickkreischberg.at\/de\/wp-json\/wp\/v2\/pages"}],"about":[{"href":"https:\/\/alpenblickkreischberg.at\/de\/wp-json\/wp\/v2\/types\/page"}],"author":[{"embeddable":true,"href":"https:\/\/alpenblickkreischberg.at\/de\/wp-json\/wp\/v2\/users\/4"}],"replies":[{"embeddable":true,"href":"https:\/\/alpenblickkreischberg.at\/de\/wp-json\/wp\/v2\/comments?post=1651"}],"version-history":[{"count":5,"href":"https:\/\/alpenblickkreischberg.at\/de\/wp-json\/wp\/v2\/pages\/1651\/revisions"}],"predecessor-version":[{"id":2761,"href":"https:\/\/alpenblickkreischberg.at\/de\/wp-json\/wp\/v2\/pages\/1651\/revisions\/2761"}],"wp:attachment":[{"href":"https:\/\/alpenblickkreischberg.at\/de\/wp-json\/wp\/v2\/media?parent=1651"}],"curies":[{"name":"wp","href":"https:\/\/api.w.org\/{rel}","templated":true}]}}